{"id":835,"date":"2026-03-30T21:28:15","date_gmt":"2026-03-31T01:28:15","guid":{"rendered":"https:\/\/bsand-co.com\/?page_id=835"},"modified":"2026-04-07T16:33:02","modified_gmt":"2026-04-07T20:33:02","slug":"schedule-an-in-person-meeting-client","status":"publish","type":"page","link":"https:\/\/bsand-co.com\/es\/schedule-an-in-person-meeting-client\/","title":{"rendered":"Schedule an in-person meeting &#8211; Client"},"content":{"rendered":"<div data-elementor-type=\"wp-page\" data-elementor-id=\"835\" class=\"elementor elementor-835\" data-elementor-post-type=\"page\">\n\t\t\t\t<div class=\"elementor-element elementor-element-47410bb e-flex e-con-boxed e-con e-parent\" data-id=\"47410bb\" data-element_type=\"container\" data-e-type=\"container\">\n\t\t\t\t\t<div class=\"e-con-inner\">\n\t\t\t\t<div class=\"elementor-element elementor-element-693c530 elementor-widget elementor-widget-spacer\" data-id=\"693c530\" data-element_type=\"widget\" data-e-type=\"widget\" data-widget_type=\"spacer.default\">\n\t\t\t\t\t\t\t<div class=\"elementor-spacer\">\n\t\t\t<div class=\"elementor-spacer-inner\"><\/div>\n\t\t<\/div>\n\t\t\t\t\t\t<\/div>\n\t\t\t\t\t<\/div>\n\t\t\t\t<\/div>\n\t\t<div class=\"elementor-element elementor-element-758ab58 e-flex e-con-boxed e-con e-parent\" data-id=\"758ab58\" data-element_type=\"container\" data-e-type=\"container\">\n\t\t\t\t\t<div class=\"e-con-inner\">\n\t\t\t\t<div class=\"elementor-element elementor-element-1118e59 elementor-widget elementor-widget-image\" data-id=\"1118e59\" data-element_type=\"widget\" data-e-type=\"widget\" data-widget_type=\"image.default\">\n\t\t\t\t\t\t\t\t\t\t\t\t\t\t\t<img fetchpriority=\"high\" decoding=\"async\" width=\"300\" height=\"300\" src=\"https:\/\/bsand-co.com\/wp-content\/uploads\/2026\/03\/BSandCo_AI_Labs-Icon-300x300.png\" class=\"attachment-medium size-medium wp-image-237\" alt=\"BS and Co AI Labs\" srcset=\"https:\/\/bsand-co.com\/wp-content\/uploads\/2026\/03\/BSandCo_AI_Labs-Icon-300x300.png 300w, https:\/\/bsand-co.com\/wp-content\/uploads\/2026\/03\/BSandCo_AI_Labs-Icon-100x100.png 100w, https:\/\/bsand-co.com\/wp-content\/uploads\/2026\/03\/BSandCo_AI_Labs-Icon-600x600.png 600w, https:\/\/bsand-co.com\/wp-content\/uploads\/2026\/03\/BSandCo_AI_Labs-Icon-150x150.png 150w, https:\/\/bsand-co.com\/wp-content\/uploads\/2026\/03\/BSandCo_AI_Labs-Icon-768x768.png 768w, https:\/\/bsand-co.com\/wp-content\/uploads\/2026\/03\/BSandCo_AI_Labs-Icon.png 1024w\" sizes=\"(max-width: 300px) 100vw, 300px\" \/>\t\t\t\t\t\t\t\t\t\t\t\t\t\t\t<\/div>\n\t\t\t\t\t<\/div>\n\t\t\t\t<\/div>\n\t\t<div class=\"elementor-element elementor-element-90c51c6 e-flex e-con-boxed e-con e-parent\" data-id=\"90c51c6\" data-element_type=\"container\" data-e-type=\"container\">\n\t\t\t\t\t<div class=\"e-con-inner\">\n\t\t\t\t<div class=\"elementor-element elementor-element-d12da28 elementor-widget elementor-widget-heading\" data-id=\"d12da28\" data-element_type=\"widget\" data-e-type=\"widget\" data-widget_type=\"heading.default\">\n\t\t\t\t\t<h2 class=\"elementor-heading-title elementor-size-default\">Programa una Consulta Presencial Pagada<\/h2>\t\t\t\t<\/div>\n\t\t\t\t<div class=\"elementor-element elementor-element-6b9fd90 elementor-widget elementor-widget-text-editor\" data-id=\"6b9fd90\" data-element_type=\"widget\" data-e-type=\"widget\" data-widget_type=\"text-editor.default\">\n\t\t\t\t\t\t\t\t\t<p>Escoge la fecha y la hora en que deseas programar tu cita.<\/p>\t\t\t\t\t\t\t\t<\/div>\n\t\t\t\t\t<\/div>\n\t\t\t\t<\/div>\n\t\t<div class=\"elementor-element elementor-element-716e238 e-con-full e-flex e-con e-parent\" data-id=\"716e238\" data-element_type=\"container\" data-e-type=\"container\">\n\t\t<div class=\"elementor-element elementor-element-27d84bc e-flex e-con-boxed e-con e-child\" data-id=\"27d84bc\" data-element_type=\"container\" data-e-type=\"container\">\n\t\t\t\t\t<div class=\"e-con-inner\">\n\t\t\t\t<div class=\"elementor-element elementor-element-a06d436 elementor-widget__width-inherit elementor-widget elementor-widget-html\" data-id=\"a06d436\" data-element_type=\"widget\" data-e-type=\"widget\" data-widget_type=\"html.default\">\n\t\t\t\t\t<style>\n.calendly-inline-widget { overflow-y: hidden !important; }\n<\/style>\n<div class=\"calendly-inline-widget\" data-url=\"https:\/\/calendly.com\/sbm-beniquezsanchez\/consulta-presencial-con-bs-and-co-agency-ai-labs-cliente?hide_event_type_details=1&hide_gdpr_banner=1\" style=\"min-width:320px;height:1400px;\"><\/div>\n<script type=\"text\/javascript\" src=\"https:\/\/assets.calendly.com\/assets\/external\/widget.js\" async><\/script>\n<!-- Final del widget integrado de Calendly -->\t\t\t\t<\/div>\n\t\t\t\t\t<\/div>\n\t\t\t\t<\/div>\n\t\t\t\t<\/div>\n\t\t<div class=\"elementor-element elementor-element-1dfc141 e-flex e-con-boxed e-con e-parent\" data-id=\"1dfc141\" data-element_type=\"container\" data-e-type=\"container\">\n\t\t\t\t\t<div class=\"e-con-inner\">\n\t\t\t\t<div class=\"elementor-element elementor-element-4b6d857 elementor-widget elementor-widget-spacer\" data-id=\"4b6d857\" data-element_type=\"widget\" data-e-type=\"widget\" data-widget_type=\"spacer.default\">\n\t\t\t\t\t\t\t<div class=\"elementor-spacer\">\n\t\t\t<div class=\"elementor-spacer-inner\"><\/div>\n\t\t<\/div>\n\t\t\t\t\t\t<\/div>\n\t\t\t\t\t<\/div>\n\t\t\t\t<\/div>\n\t\t<div class=\"elementor-element elementor-element-a793b03 e-flex e-con-boxed e-con e-parent\" data-id=\"a793b03\" data-element_type=\"container\" data-e-type=\"container\">\n\t\t\t\t\t<div class=\"e-con-inner\">\n\t\t\t\t<div class=\"elementor-element elementor-element-4a5e3df elementor-widget elementor-widget-text-editor\" data-id=\"4a5e3df\" data-element_type=\"widget\" data-e-type=\"widget\" data-widget_type=\"text-editor.default\">\n\t\t\t\t\t\t\t\t\t<p>Antes de programar tu cita o usar nuestro sitio web, es importante que leas nuestros <a href=\"https:\/\/bsand-co.com\/es\/terms-and-conditions\/\" target=\"_blank\" rel=\"noopener\"><span style=\"color: #0000ff;\">t\u00e9rminos, condiciones<\/span>,<\/a> y <a href=\"https:\/\/bsand-co.com\/es\/privacy-policy\/\" target=\"_blank\" rel=\"noopener\"><span style=\"color: #0000ff;\">pol\u00edticas<\/span>.<\/a> Al usar nuestro sitio web y sistema de citas, reconoces y certificas que has le\u00eddo y est\u00e1s completamente de acuerdo con nuestros t\u00e9rminos, condiciones y pol\u00edticas.<\/p>\t\t\t\t\t\t\t\t<\/div>\n\t\t\t\t\t<\/div>\n\t\t\t\t<\/div>\n\t\t\t\t<\/div>","protected":false},"excerpt":{"rendered":"<p>Schedule a Paid In-Person Consultation Choose the date and time you wish to schedule your appointment. Before scheduling your appointment [&hellip;]<\/p>\n","protected":false},"author":1,"featured_media":0,"parent":0,"menu_order":0,"comment_status":"closed","ping_status":"closed","template":"elementor_canvas","meta":{"site-sidebar-layout":"no-sidebar","site-content-layout":"","ast-site-content-layout":"full-width-container","site-content-style":"default","site-sidebar-style":"default","ast-global-header-display":"","ast-banner-title-visibility":"","ast-main-header-display":"","ast-hfb-above-header-display":"","ast-hfb-below-header-display":"","ast-hfb-mobile-header-display":"","site-post-title":"disabled","ast-breadcrumbs-content":"","ast-featured-img":"disabled","footer-sml-layout":"","ast-disable-related-posts":"","theme-transparent-header-meta":"","adv-header-id-meta":"","stick-header-meta":"","header-above-stick-meta":"","header-main-stick-meta":"","header-below-stick-meta":"","astra-migrate-meta-layouts":"default","ast-page-background-enabled":"default","ast-page-background-meta":{"desktop":{"background-color":"var(--ast-global-color-5)","background-image":"","background-repeat":"repeat","background-position":"center center","background-size":"auto","background-attachment":"scroll","background-type":"","background-media":"","overlay-type":"","overlay-color":"","overlay-opacity":"","overlay-gradient":""},"tablet":{"background-color":"","background-image":"","background-repeat":"repeat","background-position":"center center","background-size":"auto","background-attachment":"scroll","background-type":"","background-media":"","overlay-type":"","overlay-color":"","overlay-opacity":"","overlay-gradient":""},"mobile":{"background-color":"","background-image":"","background-repeat":"repeat","background-position":"center center","background-size":"auto","background-attachment":"scroll","background-type":"","background-media":"","overlay-type":"","overlay-color":"","overlay-opacity":"","overlay-gradient":""}},"ast-content-background-meta":{"desktop":{"background-color":"var(--ast-global-color-4)","background-image":"","background-repeat":"repeat","background-position":"center center","background-size":"auto","background-attachment":"scroll","background-type":"","background-media":"","overlay-type":"","overlay-color":"","overlay-opacity":"","overlay-gradient":""},"tablet":{"background-color":"var(--ast-global-color-4)","background-image":"","background-repeat":"repeat","background-position":"center center","background-size":"auto","background-attachment":"scroll","background-type":"","background-media":"","overlay-type":"","overlay-color":"","overlay-opacity":"","overlay-gradient":""},"mobile":{"background-color":"var(--ast-global-color-4)","background-image":"","background-repeat":"repeat","background-position":"center center","background-size":"auto","background-attachment":"scroll","background-type":"","background-media":"","overlay-type":"","overlay-color":"","overlay-opacity":"","overlay-gradient":""}},"footnotes":""},"class_list":["post-835","page","type-page","status-publish","hentry"],"_links":{"self":[{"href":"https:\/\/bsand-co.com\/es\/wp-json\/wp\/v2\/pages\/835","targetHints":{"allow":["GET"]}}],"collection":[{"href":"https:\/\/bsand-co.com\/es\/wp-json\/wp\/v2\/pages"}],"about":[{"href":"https:\/\/bsand-co.com\/es\/wp-json\/wp\/v2\/types\/page"}],"author":[{"embeddable":true,"href":"https:\/\/bsand-co.com\/es\/wp-json\/wp\/v2\/users\/1"}],"replies":[{"embeddable":true,"href":"https:\/\/bsand-co.com\/es\/wp-json\/wp\/v2\/comments?post=835"}],"version-history":[{"count":7,"href":"https:\/\/bsand-co.com\/es\/wp-json\/wp\/v2\/pages\/835\/revisions"}],"predecessor-version":[{"id":2080,"href":"https:\/\/bsand-co.com\/es\/wp-json\/wp\/v2\/pages\/835\/revisions\/2080"}],"wp:attachment":[{"href":"https:\/\/bsand-co.com\/es\/wp-json\/wp\/v2\/media?parent=835"}],"curies":[{"name":"wp","href":"https:\/\/api.w.org\/{rel}","templated":true}]}}