{"id":830,"date":"2026-03-30T21:25:08","date_gmt":"2026-03-31T01:25:08","guid":{"rendered":"https:\/\/bsand-co.com\/?page_id=830"},"modified":"2026-04-07T16:30:47","modified_gmt":"2026-04-07T20:30:47","slug":"schedule-a-live-video-meeting-client","status":"publish","type":"page","link":"https:\/\/bsand-co.com\/es\/schedule-a-live-video-meeting-client\/","title":{"rendered":"Schedule a live video meeting &#8211; Client"},"content":{"rendered":"<div data-elementor-type=\"wp-page\" data-elementor-id=\"830\" class=\"elementor elementor-830\" data-elementor-post-type=\"page\">\n\t\t\t\t<div class=\"elementor-element elementor-element-69d600b e-flex e-con-boxed e-con e-parent\" data-id=\"69d600b\" data-element_type=\"container\" data-e-type=\"container\">\n\t\t\t\t\t<div class=\"e-con-inner\">\n\t\t\t\t<div class=\"elementor-element elementor-element-0c0fa7a elementor-widget elementor-widget-spacer\" data-id=\"0c0fa7a\" data-element_type=\"widget\" data-e-type=\"widget\" data-widget_type=\"spacer.default\">\n\t\t\t\t\t\t\t<div class=\"elementor-spacer\">\n\t\t\t<div class=\"elementor-spacer-inner\"><\/div>\n\t\t<\/div>\n\t\t\t\t\t\t<\/div>\n\t\t\t\t\t<\/div>\n\t\t\t\t<\/div>\n\t\t<div class=\"elementor-element elementor-element-1fc094e e-flex e-con-boxed e-con e-parent\" data-id=\"1fc094e\" data-element_type=\"container\" data-e-type=\"container\">\n\t\t\t\t\t<div class=\"e-con-inner\">\n\t\t\t\t<div class=\"elementor-element elementor-element-326a6e6 elementor-widget elementor-widget-image\" data-id=\"326a6e6\" data-element_type=\"widget\" data-e-type=\"widget\" data-widget_type=\"image.default\">\n\t\t\t\t\t\t\t\t\t\t\t\t\t\t\t<img fetchpriority=\"high\" decoding=\"async\" width=\"300\" height=\"300\" src=\"https:\/\/bsand-co.com\/wp-content\/uploads\/2026\/03\/BSandCo_AI_Labs-Icon-300x300.png\" class=\"attachment-medium size-medium wp-image-237\" alt=\"BS and Co AI Labs\" srcset=\"https:\/\/bsand-co.com\/wp-content\/uploads\/2026\/03\/BSandCo_AI_Labs-Icon-300x300.png 300w, https:\/\/bsand-co.com\/wp-content\/uploads\/2026\/03\/BSandCo_AI_Labs-Icon-100x100.png 100w, https:\/\/bsand-co.com\/wp-content\/uploads\/2026\/03\/BSandCo_AI_Labs-Icon-600x600.png 600w, https:\/\/bsand-co.com\/wp-content\/uploads\/2026\/03\/BSandCo_AI_Labs-Icon-150x150.png 150w, https:\/\/bsand-co.com\/wp-content\/uploads\/2026\/03\/BSandCo_AI_Labs-Icon-768x768.png 768w, https:\/\/bsand-co.com\/wp-content\/uploads\/2026\/03\/BSandCo_AI_Labs-Icon.png 1024w\" sizes=\"(max-width: 300px) 100vw, 300px\" \/>\t\t\t\t\t\t\t\t\t\t\t\t\t\t\t<\/div>\n\t\t\t\t\t<\/div>\n\t\t\t\t<\/div>\n\t\t<div class=\"elementor-element elementor-element-a25453b e-flex e-con-boxed e-con e-parent\" data-id=\"a25453b\" data-element_type=\"container\" data-e-type=\"container\">\n\t\t\t\t\t<div class=\"e-con-inner\">\n\t\t\t\t<div class=\"elementor-element elementor-element-12e6eeb elementor-widget elementor-widget-heading\" data-id=\"12e6eeb\" data-element_type=\"widget\" data-e-type=\"widget\" data-widget_type=\"heading.default\">\n\t\t\t\t\t<h2 class=\"elementor-heading-title elementor-size-default\">Programa una Consulta Gratis por Video en Vivo<\/h2>\t\t\t\t<\/div>\n\t\t\t\t<div class=\"elementor-element elementor-element-9ac6e9e elementor-widget elementor-widget-text-editor\" data-id=\"9ac6e9e\" data-element_type=\"widget\" data-e-type=\"widget\" data-widget_type=\"text-editor.default\">\n\t\t\t\t\t\t\t\t\t<p>Escoge la fecha y la hora en que deseas programar tu cita.<\/p>\t\t\t\t\t\t\t\t<\/div>\n\t\t\t\t\t<\/div>\n\t\t\t\t<\/div>\n\t\t<div class=\"elementor-element elementor-element-79d6e82 e-con-full e-flex e-con e-parent\" data-id=\"79d6e82\" data-element_type=\"container\" data-e-type=\"container\">\n\t\t<div class=\"elementor-element elementor-element-9150c1a e-flex e-con-boxed e-con e-child\" data-id=\"9150c1a\" data-element_type=\"container\" data-e-type=\"container\">\n\t\t\t\t\t<div class=\"e-con-inner\">\n\t\t\t\t<div class=\"elementor-element elementor-element-2c8d671 elementor-widget__width-inherit elementor-widget elementor-widget-html\" data-id=\"2c8d671\" data-element_type=\"widget\" data-e-type=\"widget\" data-widget_type=\"html.default\">\n\t\t\t\t\t<style>\n.calendly-inline-widget { overflow-y: hidden !important; }\n<\/style>\n<div class=\"calendly-inline-widget\" data-url=\"https:\/\/calendly.com\/sbm-beniquezsanchez\/consulta-por-video-con-bs-and-co-ai-labs-cliente?hide_event_type_details=1&hide_gdpr_banner=1\" style=\"min-width:320px;height:1400px;\"><\/div>\n<script type=\"text\/javascript\" src=\"https:\/\/assets.calendly.com\/assets\/external\/widget.js\" async><\/script>\n<!-- Final del widget integrado de Calendly -->\t\t\t\t<\/div>\n\t\t\t\t\t<\/div>\n\t\t\t\t<\/div>\n\t\t\t\t<\/div>\n\t\t<div class=\"elementor-element elementor-element-aa31faf e-flex e-con-boxed e-con e-parent\" data-id=\"aa31faf\" data-element_type=\"container\" data-e-type=\"container\">\n\t\t\t\t\t<div class=\"e-con-inner\">\n\t\t\t\t<div class=\"elementor-element elementor-element-844e0c7 elementor-widget elementor-widget-spacer\" data-id=\"844e0c7\" data-element_type=\"widget\" data-e-type=\"widget\" data-widget_type=\"spacer.default\">\n\t\t\t\t\t\t\t<div class=\"elementor-spacer\">\n\t\t\t<div class=\"elementor-spacer-inner\"><\/div>\n\t\t<\/div>\n\t\t\t\t\t\t<\/div>\n\t\t\t\t\t<\/div>\n\t\t\t\t<\/div>\n\t\t<div class=\"elementor-element elementor-element-ec3a0e7 e-flex e-con-boxed e-con e-parent\" data-id=\"ec3a0e7\" data-element_type=\"container\" data-e-type=\"container\">\n\t\t\t\t\t<div class=\"e-con-inner\">\n\t\t\t\t<div class=\"elementor-element elementor-element-e6eb955 elementor-widget elementor-widget-text-editor\" data-id=\"e6eb955\" data-element_type=\"widget\" data-e-type=\"widget\" data-widget_type=\"text-editor.default\">\n\t\t\t\t\t\t\t\t\t<p>Antes de programar tu cita o usar nuestro sitio web, es importante que leas nuestros <a href=\"https:\/\/bsand-co.com\/es\/terms-and-conditions\/\" target=\"_blank\" rel=\"noopener\"><span style=\"color: #0000ff;\">t\u00e9rminos, condiciones<\/span>,<\/a> y <a href=\"https:\/\/bsand-co.com\/es\/privacy-policy\/\" target=\"_blank\" rel=\"noopener\"><span style=\"color: #0000ff;\">pol\u00edticas<\/span>.<\/a> Al usar nuestro sitio web y sistema de citas, reconoces y certificas que has le\u00eddo y est\u00e1s completamente de acuerdo con nuestros t\u00e9rminos, condiciones y pol\u00edticas.<\/p>\t\t\t\t\t\t\t\t<\/div>\n\t\t\t\t\t<\/div>\n\t\t\t\t<\/div>\n\t\t\t\t<\/div>","protected":false},"excerpt":{"rendered":"<p>Schedule a Free Live Video Consultation Choose the date and time you wish to schedule your appointment. Before scheduling your [&hellip;]<\/p>\n","protected":false},"author":1,"featured_media":0,"parent":0,"menu_order":0,"comment_status":"closed","ping_status":"closed","template":"elementor_canvas","meta":{"site-sidebar-layout":"no-sidebar","site-content-layout":"","ast-site-content-layout":"full-width-container","site-content-style":"default","site-sidebar-style":"default","ast-global-header-display":"","ast-banner-title-visibility":"","ast-main-header-display":"","ast-hfb-above-header-display":"","ast-hfb-below-header-display":"","ast-hfb-mobile-header-display":"","site-post-title":"disabled","ast-breadcrumbs-content":"","ast-featured-img":"disabled","footer-sml-layout":"","ast-disable-related-posts":"","theme-transparent-header-meta":"","adv-header-id-meta":"","stick-header-meta":"","header-above-stick-meta":"","header-main-stick-meta":"","header-below-stick-meta":"","astra-migrate-meta-layouts":"default","ast-page-background-enabled":"default","ast-page-background-meta":{"desktop":{"background-color":"var(--ast-global-color-5)","background-image":"","background-repeat":"repeat","background-position":"center center","background-size":"auto","background-attachment":"scroll","background-type":"","background-media":"","overlay-type":"","overlay-color":"","overlay-opacity":"","overlay-gradient":""},"tablet":{"background-color":"","background-image":"","background-repeat":"repeat","background-position":"center center","background-size":"auto","background-attachment":"scroll","background-type":"","background-media":"","overlay-type":"","overlay-color":"","overlay-opacity":"","overlay-gradient":""},"mobile":{"background-color":"","background-image":"","background-repeat":"repeat","background-position":"center center","background-size":"auto","background-attachment":"scroll","background-type":"","background-media":"","overlay-type":"","overlay-color":"","overlay-opacity":"","overlay-gradient":""}},"ast-content-background-meta":{"desktop":{"background-color":"var(--ast-global-color-4)","background-image":"","background-repeat":"repeat","background-position":"center center","background-size":"auto","background-attachment":"scroll","background-type":"","background-media":"","overlay-type":"","overlay-color":"","overlay-opacity":"","overlay-gradient":""},"tablet":{"background-color":"var(--ast-global-color-4)","background-image":"","background-repeat":"repeat","background-position":"center center","background-size":"auto","background-attachment":"scroll","background-type":"","background-media":"","overlay-type":"","overlay-color":"","overlay-opacity":"","overlay-gradient":""},"mobile":{"background-color":"var(--ast-global-color-4)","background-image":"","background-repeat":"repeat","background-position":"center center","background-size":"auto","background-attachment":"scroll","background-type":"","background-media":"","overlay-type":"","overlay-color":"","overlay-opacity":"","overlay-gradient":""}},"footnotes":""},"class_list":["post-830","page","type-page","status-publish","hentry"],"_links":{"self":[{"href":"https:\/\/bsand-co.com\/es\/wp-json\/wp\/v2\/pages\/830","targetHints":{"allow":["GET"]}}],"collection":[{"href":"https:\/\/bsand-co.com\/es\/wp-json\/wp\/v2\/pages"}],"about":[{"href":"https:\/\/bsand-co.com\/es\/wp-json\/wp\/v2\/types\/page"}],"author":[{"embeddable":true,"href":"https:\/\/bsand-co.com\/es\/wp-json\/wp\/v2\/users\/1"}],"replies":[{"embeddable":true,"href":"https:\/\/bsand-co.com\/es\/wp-json\/wp\/v2\/comments?post=830"}],"version-history":[{"count":7,"href":"https:\/\/bsand-co.com\/es\/wp-json\/wp\/v2\/pages\/830\/revisions"}],"predecessor-version":[{"id":2077,"href":"https:\/\/bsand-co.com\/es\/wp-json\/wp\/v2\/pages\/830\/revisions\/2077"}],"wp:attachment":[{"href":"https:\/\/bsand-co.com\/es\/wp-json\/wp\/v2\/media?parent=830"}],"curies":[{"name":"wp","href":"https:\/\/api.w.org\/{rel}","templated":true}]}}