{"id":753,"date":"2026-03-30T17:53:15","date_gmt":"2026-03-30T21:53:15","guid":{"rendered":"https:\/\/bsand-co.com\/?page_id=753"},"modified":"2026-04-07T16:35:32","modified_gmt":"2026-04-07T20:35:32","slug":"schedule-an-emergency-meeting","status":"publish","type":"page","link":"https:\/\/bsand-co.com\/es\/schedule-an-emergency-meeting\/","title":{"rendered":"Programar una Reuni\u00f3n de Emergencia"},"content":{"rendered":"<div data-elementor-type=\"wp-page\" data-elementor-id=\"753\" class=\"elementor elementor-753\" data-elementor-post-type=\"page\">\n\t\t\t\t<div class=\"elementor-element elementor-element-e2b3197 e-flex e-con-boxed e-con e-parent\" data-id=\"e2b3197\" data-element_type=\"container\" data-e-type=\"container\">\n\t\t\t\t\t<div class=\"e-con-inner\">\n\t\t\t\t<div class=\"elementor-element elementor-element-0bb02e4 elementor-widget elementor-widget-spacer\" data-id=\"0bb02e4\" data-element_type=\"widget\" data-e-type=\"widget\" data-widget_type=\"spacer.default\">\n\t\t\t\t\t\t\t<div class=\"elementor-spacer\">\n\t\t\t<div class=\"elementor-spacer-inner\"><\/div>\n\t\t<\/div>\n\t\t\t\t\t\t<\/div>\n\t\t\t\t\t<\/div>\n\t\t\t\t<\/div>\n\t\t<div class=\"elementor-element elementor-element-93d76b9 e-flex e-con-boxed e-con e-parent\" data-id=\"93d76b9\" data-element_type=\"container\" data-e-type=\"container\">\n\t\t\t\t\t<div class=\"e-con-inner\">\n\t\t\t\t<div class=\"elementor-element elementor-element-48d3002 elementor-widget elementor-widget-image\" data-id=\"48d3002\" data-element_type=\"widget\" data-e-type=\"widget\" data-widget_type=\"image.default\">\n\t\t\t\t\t\t\t\t\t\t\t\t\t\t\t<img fetchpriority=\"high\" decoding=\"async\" width=\"300\" height=\"300\" src=\"https:\/\/bsand-co.com\/wp-content\/uploads\/2026\/03\/cropped-BSandCo_AI_Labs-Icon-300x300.png\" class=\"attachment-medium size-medium wp-image-238\" alt=\"BS and Co AI Labs\" srcset=\"https:\/\/bsand-co.com\/wp-content\/uploads\/2026\/03\/cropped-BSandCo_AI_Labs-Icon-300x300.png 300w, https:\/\/bsand-co.com\/wp-content\/uploads\/2026\/03\/cropped-BSandCo_AI_Labs-Icon-150x150.png 150w, https:\/\/bsand-co.com\/wp-content\/uploads\/2026\/03\/cropped-BSandCo_AI_Labs-Icon-270x270.png 270w, https:\/\/bsand-co.com\/wp-content\/uploads\/2026\/03\/cropped-BSandCo_AI_Labs-Icon-192x192.png 192w, https:\/\/bsand-co.com\/wp-content\/uploads\/2026\/03\/cropped-BSandCo_AI_Labs-Icon-180x180.png 180w, https:\/\/bsand-co.com\/wp-content\/uploads\/2026\/03\/cropped-BSandCo_AI_Labs-Icon-32x32.png 32w, https:\/\/bsand-co.com\/wp-content\/uploads\/2026\/03\/cropped-BSandCo_AI_Labs-Icon.png 512w\" sizes=\"(max-width: 300px) 100vw, 300px\" \/>\t\t\t\t\t\t\t\t\t\t\t\t\t\t\t<\/div>\n\t\t\t\t\t<\/div>\n\t\t\t\t<\/div>\n\t\t<div class=\"elementor-element elementor-element-99cae35 e-flex e-con-boxed e-con e-parent\" data-id=\"99cae35\" data-element_type=\"container\" data-e-type=\"container\">\n\t\t\t\t\t<div class=\"e-con-inner\">\n\t\t\t\t<div class=\"elementor-element elementor-element-1cf84ab elementor-widget__width-initial elementor-widget elementor-widget-heading\" data-id=\"1cf84ab\" data-element_type=\"widget\" data-e-type=\"widget\" data-widget_type=\"heading.default\">\n\t\t\t\t\t<h2 class=\"elementor-heading-title elementor-size-default\">Programar Reuni\u00f3n de Emergencia<br><br>\n(Reuniones Presenciales, Telef\u00f3nicas o por Video) <\/h2>\t\t\t\t<\/div>\n\t\t\t\t<div class=\"elementor-element elementor-element-1b34bf9 elementor-widget elementor-widget-text-editor\" data-id=\"1b34bf9\" data-element_type=\"widget\" data-e-type=\"widget\" data-widget_type=\"text-editor.default\">\n\t\t\t\t\t\t\t\t\t<p>Estas reuniones aplican a clientes con contratos anuales, clientes virtuales y clientes con contratos de pago mensual que son clientes formales de BS and Co AI Labs y requieren una reuni\u00f3n de emergencia, ya sea presencial, por video o por tel\u00e9fono.<\/p><p>Con respecto a reuniones de emergencia solicitadas por clientes con contratos, aun si tienen horas de servicio cubiertas bajo su acuerdo, estas reuniones incurren en un cargo adicional cuando requieren alterar la agenda previamente programada de la Compa\u00f1\u00eda. Esto es porque una reuni\u00f3n de emergencia requiere que BS and Co AI Labs reprograme reuniones ya coordinadas con otros prospectos y\/o clientes, o que trabaje fuera del horario regular de negocio.<\/p><p>Adem\u00e1s del tiempo real invertido en la reuni\u00f3n de emergencia, la Compa\u00f1\u00eda tambi\u00e9n incurre en una p\u00e9rdida operacional de una hora antes y una hora despu\u00e9s de la reuni\u00f3n, necesaria para traslado, reprogramaci\u00f3n y asegurar llegada a tiempo a la reuni\u00f3n de emergencia y a la pr\u00f3xima cita programada.<\/p><p>Por esta raz\u00f3n, toda reuni\u00f3n de emergencia conlleva una tarifa fija de $1,000.00, equivalente a cuatro (4) horas facturadas a $250.00 por hora, para cubrir el impacto econ\u00f3mico y operacional de reprogramar compromisos previamente programados, salir del trabajo de oficina o atender asuntos fuera del horario regular de negocio. Esta tarifa debe pagarse al momento de programar la cita, y el cliente acuerda que no es reembolsable bajo ninguna circunstancia.<\/p><p>Para prop\u00f3sitos de esta pol\u00edtica de \u201cemergencia\u201d, el horario de negocio de emergencia de BS and Co AI Labs ser\u00e1 de lunes a viernes, de 7:00 a.m. a 11:00 a.m., o de 5:45 p.m. a 11:00 p.m., excluyendo d\u00edas feriados.<\/p>\t\t\t\t\t\t\t\t<\/div>\n\t\t\t\t\t<\/div>\n\t\t\t\t<\/div>\n\t\t<div class=\"elementor-element elementor-element-239b0cb e-con-full e-flex e-con e-parent\" data-id=\"239b0cb\" data-element_type=\"container\" data-e-type=\"container\">\n\t\t<div class=\"elementor-element elementor-element-a6fcc49 e-con-full e-flex e-con e-child\" data-id=\"a6fcc49\" data-element_type=\"container\" data-e-type=\"container\">\n\t\t\t\t<div class=\"elementor-element elementor-element-1d20c3a elementor-widget__width-inherit elementor-widget elementor-widget-html\" data-id=\"1d20c3a\" data-element_type=\"widget\" data-e-type=\"widget\" data-widget_type=\"html.default\">\n\t\t\t\t\t<style>\n.calendly-inline-widget { overflow-y: hidden !important; }\n<\/style>\n<div class=\"calendly-inline-widget\" data-url=\"https:\/\/calendly.com\/sbm-beniquezsanchez\/reunion-presencial-emergencia-con-bs-and-co-ai-labs-cliente?hide_event_type_details=1&hide_gdpr_banner=1\" style=\"min-width:320px;height:3000px;\"><\/div>\n<script type=\"text\/javascript\" src=\"https:\/\/assets.calendly.com\/assets\/external\/widget.js\" async><\/script>\n<!-- Final del widget integrado de Calendly -->\t\t\t\t<\/div>\n\t\t\t\t<\/div>\n\t\t\t\t<\/div>\n\t\t<div class=\"elementor-element elementor-element-35d13bb e-flex e-con-boxed e-con e-parent\" data-id=\"35d13bb\" data-element_type=\"container\" data-e-type=\"container\">\n\t\t\t\t\t<div class=\"e-con-inner\">\n\t\t\t\t<div class=\"elementor-element elementor-element-1a68cd0 elementor-widget elementor-widget-spacer\" data-id=\"1a68cd0\" data-element_type=\"widget\" data-e-type=\"widget\" data-widget_type=\"spacer.default\">\n\t\t\t\t\t\t\t<div class=\"elementor-spacer\">\n\t\t\t<div class=\"elementor-spacer-inner\"><\/div>\n\t\t<\/div>\n\t\t\t\t\t\t<\/div>\n\t\t\t\t\t<\/div>\n\t\t\t\t<\/div>\n\t\t<div class=\"elementor-element elementor-element-8fbb0a6 e-flex e-con-boxed e-con e-parent\" data-id=\"8fbb0a6\" data-element_type=\"container\" data-e-type=\"container\">\n\t\t\t\t\t<div class=\"e-con-inner\">\n\t\t\t\t<div class=\"elementor-element elementor-element-89cbc82 elementor-widget elementor-widget-text-editor\" data-id=\"89cbc82\" data-element_type=\"widget\" data-e-type=\"widget\" data-widget_type=\"text-editor.default\">\n\t\t\t\t\t\t\t\t\t<p>Antes de programar tu cita o usar nuestro sitio web, es importante que leas nuestros <a href=\"https:\/\/bsand-co.com\/es\/terms-and-conditions\/\" target=\"_blank\" rel=\"noopener\"><span style=\"color: #0000ff;\">t\u00e9rminos, condiciones<\/span>,<\/a> y <a href=\"https:\/\/bsand-co.com\/es\/privacy-policy\/\" target=\"_blank\" rel=\"noopener\"><span style=\"color: #0000ff;\">pol\u00edticas<\/span>.<\/a> Al usar nuestro sitio web y sistema de citas, reconoces y certificas que has le\u00eddo y est\u00e1s completamente de acuerdo con nuestros t\u00e9rminos, condiciones y pol\u00edticas.<\/p>\t\t\t\t\t\t\t\t<\/div>\n\t\t\t\t\t<\/div>\n\t\t\t\t<\/div>\n\t\t\t\t<\/div>","protected":false},"excerpt":{"rendered":"<p>Schedule Emergency Meeting (In-Person, Telephone or Video Meetings) These meetings apply to clients with annual contracts, virtual clients, and clients [&hellip;]<\/p>\n","protected":false},"author":1,"featured_media":0,"parent":0,"menu_order":0,"comment_status":"closed","ping_status":"closed","template":"elementor_canvas","meta":{"site-sidebar-layout":"no-sidebar","site-content-layout":"","ast-site-content-layout":"full-width-container","site-content-style":"default","site-sidebar-style":"default","ast-global-header-display":"","ast-banner-title-visibility":"","ast-main-header-display":"","ast-hfb-above-header-display":"","ast-hfb-below-header-display":"","ast-hfb-mobile-header-display":"","site-post-title":"disabled","ast-breadcrumbs-content":"","ast-featured-img":"disabled","footer-sml-layout":"","ast-disable-related-posts":"","theme-transparent-header-meta":"","adv-header-id-meta":"","stick-header-meta":"","header-above-stick-meta":"","header-main-stick-meta":"","header-below-stick-meta":"","astra-migrate-meta-layouts":"default","ast-page-background-enabled":"default","ast-page-background-meta":{"desktop":{"background-color":"var(--ast-global-color-5)","background-image":"","background-repeat":"repeat","background-position":"center center","background-size":"auto","background-attachment":"scroll","background-type":"","background-media":"","overlay-type":"","overlay-color":"","overlay-opacity":"","overlay-gradient":""},"tablet":{"background-color":"","background-image":"","background-repeat":"repeat","background-position":"center center","background-size":"auto","background-attachment":"scroll","background-type":"","background-media":"","overlay-type":"","overlay-color":"","overlay-opacity":"","overlay-gradient":""},"mobile":{"background-color":"","background-image":"","background-repeat":"repeat","background-position":"center center","background-size":"auto","background-attachment":"scroll","background-type":"","background-media":"","overlay-type":"","overlay-color":"","overlay-opacity":"","overlay-gradient":""}},"ast-content-background-meta":{"desktop":{"background-color":"var(--ast-global-color-4)","background-image":"","background-repeat":"repeat","background-position":"center center","background-size":"auto","background-attachment":"scroll","background-type":"","background-media":"","overlay-type":"","overlay-color":"","overlay-opacity":"","overlay-gradient":""},"tablet":{"background-color":"var(--ast-global-color-4)","background-image":"","background-repeat":"repeat","background-position":"center center","background-size":"auto","background-attachment":"scroll","background-type":"","background-media":"","overlay-type":"","overlay-color":"","overlay-opacity":"","overlay-gradient":""},"mobile":{"background-color":"var(--ast-global-color-4)","background-image":"","background-repeat":"repeat","background-position":"center center","background-size":"auto","background-attachment":"scroll","background-type":"","background-media":"","overlay-type":"","overlay-color":"","overlay-opacity":"","overlay-gradient":""}},"footnotes":""},"class_list":["post-753","page","type-page","status-publish","hentry"],"_links":{"self":[{"href":"https:\/\/bsand-co.com\/es\/wp-json\/wp\/v2\/pages\/753","targetHints":{"allow":["GET"]}}],"collection":[{"href":"https:\/\/bsand-co.com\/es\/wp-json\/wp\/v2\/pages"}],"about":[{"href":"https:\/\/bsand-co.com\/es\/wp-json\/wp\/v2\/types\/page"}],"author":[{"embeddable":true,"href":"https:\/\/bsand-co.com\/es\/wp-json\/wp\/v2\/users\/1"}],"replies":[{"embeddable":true,"href":"https:\/\/bsand-co.com\/es\/wp-json\/wp\/v2\/comments?post=753"}],"version-history":[{"count":19,"href":"https:\/\/bsand-co.com\/es\/wp-json\/wp\/v2\/pages\/753\/revisions"}],"predecessor-version":[{"id":2083,"href":"https:\/\/bsand-co.com\/es\/wp-json\/wp\/v2\/pages\/753\/revisions\/2083"}],"wp:attachment":[{"href":"https:\/\/bsand-co.com\/es\/wp-json\/wp\/v2\/media?parent=753"}],"curies":[{"name":"wp","href":"https:\/\/api.w.org\/{rel}","templated":true}]}}