{"id":718,"date":"2026-03-30T17:29:19","date_gmt":"2026-03-30T21:29:19","guid":{"rendered":"https:\/\/bsand-co.com\/?page_id=718"},"modified":"2026-03-30T21:34:14","modified_gmt":"2026-03-31T01:34:14","slug":"meeting-schedule-for-clients-with-annual-contracts","status":"publish","type":"page","link":"https:\/\/bsand-co.com\/es\/meeting-schedule-for-clients-with-annual-contracts\/","title":{"rendered":"Calendario de Reuniones para Clientes con Contratos Anuales"},"content":{"rendered":"<div data-elementor-type=\"wp-page\" data-elementor-id=\"718\" class=\"elementor elementor-718\" data-elementor-post-type=\"page\">\n\t\t\t\t<div class=\"elementor-element elementor-element-038a51d e-flex e-con-boxed e-con e-parent\" data-id=\"038a51d\" data-element_type=\"container\" data-e-type=\"container\">\n\t\t\t\t\t<div class=\"e-con-inner\">\n\t\t\t\t<div class=\"elementor-element elementor-element-34c3d4a elementor-widget elementor-widget-image\" data-id=\"34c3d4a\" data-element_type=\"widget\" data-e-type=\"widget\" data-widget_type=\"image.default\">\n\t\t\t\t\t\t\t\t\t\t\t\t\t\t\t<img fetchpriority=\"high\" decoding=\"async\" width=\"300\" height=\"300\" src=\"https:\/\/bsand-co.com\/wp-content\/uploads\/2026\/03\/BSandCo_AI_Labs-Icon-300x300.png\" class=\"attachment-medium size-medium wp-image-237\" alt=\"BS and Co AI Labs\" srcset=\"https:\/\/bsand-co.com\/wp-content\/uploads\/2026\/03\/BSandCo_AI_Labs-Icon-300x300.png 300w, https:\/\/bsand-co.com\/wp-content\/uploads\/2026\/03\/BSandCo_AI_Labs-Icon-100x100.png 100w, https:\/\/bsand-co.com\/wp-content\/uploads\/2026\/03\/BSandCo_AI_Labs-Icon-600x600.png 600w, https:\/\/bsand-co.com\/wp-content\/uploads\/2026\/03\/BSandCo_AI_Labs-Icon-150x150.png 150w, https:\/\/bsand-co.com\/wp-content\/uploads\/2026\/03\/BSandCo_AI_Labs-Icon-768x768.png 768w, https:\/\/bsand-co.com\/wp-content\/uploads\/2026\/03\/BSandCo_AI_Labs-Icon.png 1024w\" sizes=\"(max-width: 300px) 100vw, 300px\" \/>\t\t\t\t\t\t\t\t\t\t\t\t\t\t\t<\/div>\n\t\t\t\t\t<\/div>\n\t\t\t\t<\/div>\n\t\t<div class=\"elementor-element elementor-element-fc82e1d e-flex e-con-boxed e-con e-parent\" data-id=\"fc82e1d\" data-element_type=\"container\" data-e-type=\"container\">\n\t\t\t\t\t<div class=\"e-con-inner\">\n\t\t\t\t<div class=\"elementor-element elementor-element-ceec627 elementor-widget elementor-widget-heading\" data-id=\"ceec627\" data-element_type=\"widget\" data-e-type=\"widget\" data-widget_type=\"heading.default\">\n\t\t\t\t\t<h2 class=\"elementor-heading-title elementor-size-default\">Calendario de Reuniones para Clientes con Contratos Anuales<\/h2>\t\t\t\t<\/div>\n\t\t\t\t<div class=\"elementor-element elementor-element-be35718 elementor-widget elementor-widget-text-editor\" data-id=\"be35718\" data-element_type=\"widget\" data-e-type=\"widget\" data-widget_type=\"text-editor.default\">\n\t\t\t\t\t\t\t\t\t<p>Haz clic en el bot\u00f3n que mejor describa el tipo de reuni\u00f3n (tel\u00e9fono, presencial o videoconferencia) que deseas programar. Luego aparecer\u00e1 el calendario y tendr\u00e1s que escoger la fecha y la hora en que deseas programar tu cita.<\/p>\t\t\t\t\t\t\t\t<\/div>\n\t\t\t\t\t<\/div>\n\t\t\t\t<\/div>\n\t\t<div class=\"elementor-element elementor-element-67964da e-flex e-con-boxed e-con e-parent\" data-id=\"67964da\" data-element_type=\"container\" data-e-type=\"container\">\n\t\t\t\t\t<div class=\"e-con-inner\">\n\t\t<div class=\"elementor-element elementor-element-b053695 e-con-full e-flex e-con e-child\" data-id=\"b053695\" data-element_type=\"container\" data-e-type=\"container\">\n\t\t\t\t<div class=\"elementor-element elementor-element-2f19871 elementor-align-center elementor-widget elementor-widget-button\" data-id=\"2f19871\" data-element_type=\"widget\" data-e-type=\"widget\" data-widget_type=\"button.default\">\n\t\t\t\t\t\t\t\t\t\t<a class=\"elementor-button elementor-button-link elementor-size-sm\" href=\"https:\/\/bsand-co.com\/es\/schedule-telephone-meeting-clients\/\">\n\t\t\t\t\t\t<span class=\"elementor-button-content-wrapper\">\n\t\t\t\t\t\t\t\t\t<span class=\"elementor-button-text\">Programar reuni\u00f3n telef\u00f3nica<\/span>\n\t\t\t\t\t<\/span>\n\t\t\t\t\t<\/a>\n\t\t\t\t\t\t\t\t<\/div>\n\t\t\t\t<\/div>\n\t\t\t\t\t<\/div>\n\t\t\t\t<\/div>\n\t\t<div class=\"elementor-element elementor-element-90c2827 e-flex e-con-boxed e-con e-parent\" data-id=\"90c2827\" data-element_type=\"container\" data-e-type=\"container\">\n\t\t\t\t\t<div class=\"e-con-inner\">\n\t\t<div class=\"elementor-element elementor-element-5f15901 e-con-full e-flex e-con e-child\" data-id=\"5f15901\" data-element_type=\"container\" data-e-type=\"container\">\n\t\t\t\t<div class=\"elementor-element elementor-element-0e4ccdf elementor-align-center elementor-widget elementor-widget-button\" data-id=\"0e4ccdf\" data-element_type=\"widget\" data-e-type=\"widget\" data-widget_type=\"button.default\">\n\t\t\t\t\t\t\t\t\t\t<a class=\"elementor-button elementor-button-link elementor-size-sm\" href=\"https:\/\/bsand-co.com\/es\/schedule-a-live-video-meeting-client\/\">\n\t\t\t\t\t\t<span class=\"elementor-button-content-wrapper\">\n\t\t\t\t\t\t\t\t\t<span class=\"elementor-button-text\">Programar una reuni\u00f3n de video en vivo<\/span>\n\t\t\t\t\t<\/span>\n\t\t\t\t\t<\/a>\n\t\t\t\t\t\t\t\t<\/div>\n\t\t\t\t<\/div>\n\t\t\t\t\t<\/div>\n\t\t\t\t<\/div>\n\t\t<div class=\"elementor-element elementor-element-b076742 e-flex e-con-boxed e-con e-parent\" data-id=\"b076742\" data-element_type=\"container\" data-e-type=\"container\">\n\t\t\t\t\t<div class=\"e-con-inner\">\n\t\t<div class=\"elementor-element elementor-element-e7a4616 e-con-full e-flex e-con e-child\" data-id=\"e7a4616\" data-element_type=\"container\" data-e-type=\"container\">\n\t\t\t\t<div class=\"elementor-element elementor-element-cecae67 elementor-align-center elementor-widget elementor-widget-button\" data-id=\"cecae67\" data-element_type=\"widget\" data-e-type=\"widget\" data-widget_type=\"button.default\">\n\t\t\t\t\t\t\t\t\t\t<a class=\"elementor-button elementor-button-link elementor-size-sm\" href=\"https:\/\/bsand-co.com\/es\/schedule-an-in-person-meeting-client\/\">\n\t\t\t\t\t\t<span class=\"elementor-button-content-wrapper\">\n\t\t\t\t\t\t\t\t\t<span class=\"elementor-button-text\">Programar una reuni\u00f3n presencial<\/span>\n\t\t\t\t\t<\/span>\n\t\t\t\t\t<\/a>\n\t\t\t\t\t\t\t\t<\/div>\n\t\t\t\t<\/div>\n\t\t\t\t\t<\/div>\n\t\t\t\t<\/div>\n\t\t<div class=\"elementor-element elementor-element-a14fe32 e-flex e-con-boxed e-con e-parent\" data-id=\"a14fe32\" data-element_type=\"container\" data-e-type=\"container\">\n\t\t\t\t\t<div class=\"e-con-inner\">\n\t\t<div class=\"elementor-element elementor-element-160f2b6 e-con-full e-flex e-con e-child\" data-id=\"160f2b6\" data-element_type=\"container\" data-e-type=\"container\">\n\t\t\t\t<div class=\"elementor-element elementor-element-eb78937 elementor-align-center elementor-widget elementor-widget-button\" data-id=\"eb78937\" data-element_type=\"widget\" data-e-type=\"widget\" data-widget_type=\"button.default\">\n\t\t\t\t\t\t\t\t\t\t<a class=\"elementor-button elementor-button-link elementor-size-sm\" href=\"https:\/\/bsand-co.com\/es\/schedule-an-emergency-meeting\/\">\n\t\t\t\t\t\t<span class=\"elementor-button-content-wrapper\">\n\t\t\t\t\t\t\t\t\t<span class=\"elementor-button-text\">Programar una Reuni\u00f3n de Emergencia<\/span>\n\t\t\t\t\t<\/span>\n\t\t\t\t\t<\/a>\n\t\t\t\t\t\t\t\t<\/div>\n\t\t\t\t<\/div>\n\t\t\t\t\t<\/div>\n\t\t\t\t<\/div>\n\t\t<div class=\"elementor-element elementor-element-c7d9a2c e-flex e-con-boxed e-con e-parent\" data-id=\"c7d9a2c\" data-element_type=\"container\" data-e-type=\"container\">\n\t\t\t\t\t<div class=\"e-con-inner\">\n\t\t\t\t<div class=\"elementor-element elementor-element-40e6cd8 elementor-widget elementor-widget-spacer\" data-id=\"40e6cd8\" data-element_type=\"widget\" data-e-type=\"widget\" data-widget_type=\"spacer.default\">\n\t\t\t\t\t\t\t<div class=\"elementor-spacer\">\n\t\t\t<div class=\"elementor-spacer-inner\"><\/div>\n\t\t<\/div>\n\t\t\t\t\t\t<\/div>\n\t\t\t\t<div class=\"elementor-element elementor-element-d38dbad elementor-widget elementor-widget-text-editor\" data-id=\"d38dbad\" data-element_type=\"widget\" data-e-type=\"widget\" data-widget_type=\"text-editor.default\">\n\t\t\t\t\t\t\t\t\t<p>Antes de programar tu cita o usar nuestro sitio web, es importante que leas nuestros <a href=\"https:\/\/bsand-co.com\/es\/terms-and-conditions\/\" target=\"_blank\" rel=\"noopener\"><span style=\"color: #0000ff;\">t\u00e9rminos, condiciones<\/span>,<\/a> y <a href=\"https:\/\/bsand-co.com\/es\/privacy-policy\/\" target=\"_blank\" rel=\"noopener\"><span style=\"color: #0000ff;\">pol\u00edticas<\/span>.<\/a> Al usar nuestro sitio web y sistema de citas, reconoces y certificas que has le\u00eddo y est\u00e1s completamente de acuerdo con nuestros t\u00e9rminos, condiciones y pol\u00edticas.<\/p>\t\t\t\t\t\t\t\t<\/div>\n\t\t\t\t\t<\/div>\n\t\t\t\t<\/div>\n\t\t\t\t<\/div>","protected":false},"excerpt":{"rendered":"<p>Meeting Schedule for Clients with Annual Contracts Click on the button that best describes the type of meeting (phone, in-person, [&hellip;]<\/p>\n","protected":false},"author":1,"featured_media":0,"parent":0,"menu_order":0,"comment_status":"closed","ping_status":"closed","template":"elementor_canvas","meta":{"site-sidebar-layout":"no-sidebar","site-content-layout":"","ast-site-content-layout":"full-width-container","site-content-style":"default","site-sidebar-style":"default","ast-global-header-display":"","ast-banner-title-visibility":"","ast-main-header-display":"","ast-hfb-above-header-display":"","ast-hfb-below-header-display":"","ast-hfb-mobile-header-display":"","site-post-title":"disabled","ast-breadcrumbs-content":"","ast-featured-img":"disabled","footer-sml-layout":"","ast-disable-related-posts":"","theme-transparent-header-meta":"","adv-header-id-meta":"","stick-header-meta":"","header-above-stick-meta":"","header-main-stick-meta":"","header-below-stick-meta":"","astra-migrate-meta-layouts":"default","ast-page-background-enabled":"default","ast-page-background-meta":{"desktop":{"background-color":"var(--ast-global-color-5)","background-image":"","background-repeat":"repeat","background-position":"center center","background-size":"auto","background-attachment":"scroll","background-type":"","background-media":"","overlay-type":"","overlay-color":"","overlay-opacity":"","overlay-gradient":""},"tablet":{"background-color":"","background-image":"","background-repeat":"repeat","background-position":"center center","background-size":"auto","background-attachment":"scroll","background-type":"","background-media":"","overlay-type":"","overlay-color":"","overlay-opacity":"","overlay-gradient":""},"mobile":{"background-color":"","background-image":"","background-repeat":"repeat","background-position":"center center","background-size":"auto","background-attachment":"scroll","background-type":"","background-media":"","overlay-type":"","overlay-color":"","overlay-opacity":"","overlay-gradient":""}},"ast-content-background-meta":{"desktop":{"background-color":"var(--ast-global-color-4)","background-image":"","background-repeat":"repeat","background-position":"center center","background-size":"auto","background-attachment":"scroll","background-type":"","background-media":"","overlay-type":"","overlay-color":"","overlay-opacity":"","overlay-gradient":""},"tablet":{"background-color":"var(--ast-global-color-4)","background-image":"","background-repeat":"repeat","background-position":"center center","background-size":"auto","background-attachment":"scroll","background-type":"","background-media":"","overlay-type":"","overlay-color":"","overlay-opacity":"","overlay-gradient":""},"mobile":{"background-color":"var(--ast-global-color-4)","background-image":"","background-repeat":"repeat","background-position":"center center","background-size":"auto","background-attachment":"scroll","background-type":"","background-media":"","overlay-type":"","overlay-color":"","overlay-opacity":"","overlay-gradient":""}},"footnotes":""},"class_list":["post-718","page","type-page","status-publish","hentry"],"_links":{"self":[{"href":"https:\/\/bsand-co.com\/es\/wp-json\/wp\/v2\/pages\/718","targetHints":{"allow":["GET"]}}],"collection":[{"href":"https:\/\/bsand-co.com\/es\/wp-json\/wp\/v2\/pages"}],"about":[{"href":"https:\/\/bsand-co.com\/es\/wp-json\/wp\/v2\/types\/page"}],"author":[{"embeddable":true,"href":"https:\/\/bsand-co.com\/es\/wp-json\/wp\/v2\/users\/1"}],"replies":[{"embeddable":true,"href":"https:\/\/bsand-co.com\/es\/wp-json\/wp\/v2\/comments?post=718"}],"version-history":[{"count":34,"href":"https:\/\/bsand-co.com\/es\/wp-json\/wp\/v2\/pages\/718\/revisions"}],"predecessor-version":[{"id":854,"href":"https:\/\/bsand-co.com\/es\/wp-json\/wp\/v2\/pages\/718\/revisions\/854"}],"wp:attachment":[{"href":"https:\/\/bsand-co.com\/es\/wp-json\/wp\/v2\/media?parent=718"}],"curies":[{"name":"wp","href":"https:\/\/api.w.org\/{rel}","templated":true}]}}